{"id":923,"date":"2018-07-27T15:41:25","date_gmt":"2018-07-27T18:41:25","guid":{"rendered":"http:\/\/lubricentroeric.com.ar\/?post_type=product&#038;p=923"},"modified":"2020-04-30T09:47:38","modified_gmt":"2020-04-30T12:47:38","slug":"tanque-de-agua-bepo-m198e-42-litros-plastico-completo","status":"publish","type":"product","link":"https:\/\/lubricentroeric.com.ar\/?product=tanque-de-agua-bepo-m198e-42-litros-plastico-completo","title":{"rendered":"Tanque de agua Bepo M198E 42 Litros Pl\u00e1stico Completo"},"content":{"rendered":"<p>Tanque de Agua Pl\u00e1stico para Cami\u00f3n \/ Camioneta Bepo M198E 42 litros Completo<\/p>\n","protected":false},"excerpt":{"rendered":"<p>Tanque de Agua Pl\u00e1stico para Cami\u00f3n \/ Camioneta Bepo M198E 42 litros Completo<\/p>\n","protected":false},"featured_media":924,"comment_status":"open","ping_status":"closed","template":"","meta":[],"product_cat":[64],"product_tag":[],"_links":{"self":[{"href":"https:\/\/lubricentroeric.com.ar\/index.php?rest_route=\/wp\/v2\/product\/923"}],"collection":[{"href":"https:\/\/lubricentroeric.com.ar\/index.php?rest_route=\/wp\/v2\/product"}],"about":[{"href":"https:\/\/lubricentroeric.com.ar\/index.php?rest_route=\/wp\/v2\/types\/product"}],"replies":[{"embeddable":true,"href":"https:\/\/lubricentroeric.com.ar\/index.php?rest_route=%2Fwp%2Fv2%2Fcomments&post=923"}],"wp:featuredmedia":[{"embeddable":true,"href":"https:\/\/lubricentroeric.com.ar\/index.php?rest_route=\/wp\/v2\/media\/924"}],"wp:attachment":[{"href":"https:\/\/lubricentroeric.com.ar\/index.php?rest_route=%2Fwp%2Fv2%2Fmedia&parent=923"}],"wp:term":[{"taxonomy":"product_cat","embeddable":true,"href":"https:\/\/lubricentroeric.com.ar\/index.php?rest_route=%2Fwp%2Fv2%2Fproduct_cat&post=923"},{"taxonomy":"product_tag","embeddable":true,"href":"https:\/\/lubricentroeric.com.ar\/index.php?rest_route=%2Fwp%2Fv2%2Fproduct_tag&post=923"}],"curies":[{"name":"wp","href":"https:\/\/api.w.org\/{rel}","templated":true}]}}