{"id":847,"date":"2018-07-25T17:03:42","date_gmt":"2018-07-25T20:03:42","guid":{"rendered":"http:\/\/lubricentroeric.com.ar\/?post_type=product&#038;p=847"},"modified":"2020-06-08T12:57:00","modified_gmt":"2020-06-08T15:57:00","slug":"climatizador-bepo-b055f-revolution-24v-universal","status":"publish","type":"product","link":"https:\/\/lubricentroeric.com.ar\/?product=climatizador-bepo-b055f-revolution-24v-universal","title":{"rendered":"Climatizador Bepo B055F Revolution 24v Universal"},"content":{"rendered":"<p>Climatizador Cami\u00f3n Bepo Revolution B055F 24v Universal<\/p>\n<p>Detalles t\u00e9cnicos<br \/>\nVoltaje: 24V<br \/>\nTanque: Externo (tipo horizontal)<\/p>\n<p>El Climatizador de Aire Revolution para camiones y maquinas agr\u00edcolas que lleg\u00f3 para revolucionar el mercado ahora con tanque interno para mayor facilidad de instalaci\u00f3n. Con las medidas que hacen de \u00e9l el m\u00e1s ligero y m\u00e1s fino del mercado, el Climatizador de Aire Revolution tiene: Arranque del motor m\u00e1s r\u00e1pido, con 4 niveles de flujos de aire. Placa con tecnolog\u00eda utilizada en aire acondicionado. Mayor facilidad de montaje del deflector de aire. 100% ecol\u00f3gico, con materiales reciclables. Dise\u00f1o externo e interno diferenciados. Modelo Slim, mejor aerodin\u00e1mica. Proporciona mayor confort t\u00e9rmico. Mayor eficiencia en el flujo de aire. Bajo ruido de funcionamiento. Sin emisi\u00f3n de contaminantes. Motor con mayor vida \u00fatil. Aparato m\u00e1s ligero. Iluminaci\u00f3n por LED. F\u00e1cil mantenimiento.<\/p>\n","protected":false},"excerpt":{"rendered":"<p>Climatizador Cami\u00f3n Bepo Revolution B055F 24v Universal Detalles t\u00e9cnicos Voltaje: 24V Tanque: Externo (tipo horizontal) El Climatizador de Aire Revolution para camiones y maquinas agr\u00edcolas que lleg\u00f3 para revolucionar el mercado ahora con tanque interno para mayor facilidad de instalaci\u00f3n.&hellip;&nbsp;<a href=\"https:\/\/lubricentroeric.com.ar\/?product=climatizador-bepo-b055f-revolution-24v-universal\" class=\"more-link\">Read More<\/a><\/p>\n","protected":false},"featured_media":839,"comment_status":"open","ping_status":"closed","template":"","meta":[],"product_cat":[62],"product_tag":[],"_links":{"self":[{"href":"https:\/\/lubricentroeric.com.ar\/index.php?rest_route=\/wp\/v2\/product\/847"}],"collection":[{"href":"https:\/\/lubricentroeric.com.ar\/index.php?rest_route=\/wp\/v2\/product"}],"about":[{"href":"https:\/\/lubricentroeric.com.ar\/index.php?rest_route=\/wp\/v2\/types\/product"}],"replies":[{"embeddable":true,"href":"https:\/\/lubricentroeric.com.ar\/index.php?rest_route=%2Fwp%2Fv2%2Fcomments&post=847"}],"wp:featuredmedia":[{"embeddable":true,"href":"https:\/\/lubricentroeric.com.ar\/index.php?rest_route=\/wp\/v2\/media\/839"}],"wp:attachment":[{"href":"https:\/\/lubricentroeric.com.ar\/index.php?rest_route=%2Fwp%2Fv2%2Fmedia&parent=847"}],"wp:term":[{"taxonomy":"product_cat","embeddable":true,"href":"https:\/\/lubricentroeric.com.ar\/index.php?rest_route=%2Fwp%2Fv2%2Fproduct_cat&post=847"},{"taxonomy":"product_tag","embeddable":true,"href":"https:\/\/lubricentroeric.com.ar\/index.php?rest_route=%2Fwp%2Fv2%2Fproduct_tag&post=847"}],"curies":[{"name":"wp","href":"https:\/\/api.w.org\/{rel}","templated":true}]}}