{"id":824,"date":"2018-07-25T15:29:39","date_gmt":"2018-07-25T18:29:39","guid":{"rendered":"http:\/\/lubricentroeric.com.ar\/?post_type=product&#038;p=824"},"modified":"2020-06-13T11:34:37","modified_gmt":"2020-06-13T14:34:37","slug":"bandalin-bepo-b040i-17-5%e2%80%b3-delantero-blanco-plastico","status":"publish","type":"product","link":"https:\/\/lubricentroeric.com.ar\/?product=bandalin-bepo-b040i-17-5%e2%80%b3-delantero-blanco-plastico","title":{"rendered":"Bandal\u00edn Bepo B040I 17.5\u2033 Delantero Blanco pl\u00e1stico"},"content":{"rendered":"<p>Bandal\u00edn Cami\u00f3n Bepo B040I 17.5\u2033 Delantero Blanco Pl\u00e1stico<\/p>\n<p>Bandalines para colocar con tazas<\/p>\n","protected":false},"excerpt":{"rendered":"<p>Bandal\u00edn Cami\u00f3n Bepo B040I 17.5\u2033 Delantero Blanco Pl\u00e1stico Bandalines para colocar con tazas<\/p>\n","protected":false},"featured_media":825,"comment_status":"open","ping_status":"closed","template":"","meta":[],"product_cat":[60],"product_tag":[],"_links":{"self":[{"href":"https:\/\/lubricentroeric.com.ar\/index.php?rest_route=\/wp\/v2\/product\/824"}],"collection":[{"href":"https:\/\/lubricentroeric.com.ar\/index.php?rest_route=\/wp\/v2\/product"}],"about":[{"href":"https:\/\/lubricentroeric.com.ar\/index.php?rest_route=\/wp\/v2\/types\/product"}],"replies":[{"embeddable":true,"href":"https:\/\/lubricentroeric.com.ar\/index.php?rest_route=%2Fwp%2Fv2%2Fcomments&post=824"}],"wp:featuredmedia":[{"embeddable":true,"href":"https:\/\/lubricentroeric.com.ar\/index.php?rest_route=\/wp\/v2\/media\/825"}],"wp:attachment":[{"href":"https:\/\/lubricentroeric.com.ar\/index.php?rest_route=%2Fwp%2Fv2%2Fmedia&parent=824"}],"wp:term":[{"taxonomy":"product_cat","embeddable":true,"href":"https:\/\/lubricentroeric.com.ar\/index.php?rest_route=%2Fwp%2Fv2%2Fproduct_cat&post=824"},{"taxonomy":"product_tag","embeddable":true,"href":"https:\/\/lubricentroeric.com.ar\/index.php?rest_route=%2Fwp%2Fv2%2Fproduct_tag&post=824"}],"curies":[{"name":"wp","href":"https:\/\/api.w.org\/{rel}","templated":true}]}}