{"id":820,"date":"2018-07-25T15:13:37","date_gmt":"2018-07-25T18:13:37","guid":{"rendered":"http:\/\/lubricentroeric.com.ar\/?post_type=product&#038;p=820"},"modified":"2020-06-13T11:34:42","modified_gmt":"2020-06-13T14:34:42","slug":"bandalin-bepo-b040e-21-5-trasero-blanco-plastico","status":"publish","type":"product","link":"https:\/\/lubricentroeric.com.ar\/?product=bandalin-bepo-b040e-21-5-trasero-blanco-plastico","title":{"rendered":"Bandal\u00edn Bepo B040E 21.5&#8243; Trasero Blanco pl\u00e1stico"},"content":{"rendered":"<p>Bandal\u00edn Cami\u00f3n Bepo B040E 21.5\u2033 Trasero Blanco Pl\u00e1stico<\/p>\n<p>Bandalines para colocar con tazas<\/p>\n","protected":false},"excerpt":{"rendered":"<p>Bandal\u00edn Cami\u00f3n Bepo B040E 21.5\u2033 Trasero Blanco Pl\u00e1stico Bandalines para colocar con tazas<\/p>\n","protected":false},"featured_media":821,"comment_status":"open","ping_status":"closed","template":"","meta":[],"product_cat":[60],"product_tag":[],"_links":{"self":[{"href":"https:\/\/lubricentroeric.com.ar\/index.php?rest_route=\/wp\/v2\/product\/820"}],"collection":[{"href":"https:\/\/lubricentroeric.com.ar\/index.php?rest_route=\/wp\/v2\/product"}],"about":[{"href":"https:\/\/lubricentroeric.com.ar\/index.php?rest_route=\/wp\/v2\/types\/product"}],"replies":[{"embeddable":true,"href":"https:\/\/lubricentroeric.com.ar\/index.php?rest_route=%2Fwp%2Fv2%2Fcomments&post=820"}],"wp:featuredmedia":[{"embeddable":true,"href":"https:\/\/lubricentroeric.com.ar\/index.php?rest_route=\/wp\/v2\/media\/821"}],"wp:attachment":[{"href":"https:\/\/lubricentroeric.com.ar\/index.php?rest_route=%2Fwp%2Fv2%2Fmedia&parent=820"}],"wp:term":[{"taxonomy":"product_cat","embeddable":true,"href":"https:\/\/lubricentroeric.com.ar\/index.php?rest_route=%2Fwp%2Fv2%2Fproduct_cat&post=820"},{"taxonomy":"product_tag","embeddable":true,"href":"https:\/\/lubricentroeric.com.ar\/index.php?rest_route=%2Fwp%2Fv2%2Fproduct_tag&post=820"}],"curies":[{"name":"wp","href":"https:\/\/api.w.org\/{rel}","templated":true}]}}