{"id":694,"date":"2018-07-19T16:02:34","date_gmt":"2018-07-19T19:02:34","guid":{"rendered":"http:\/\/lubricentroeric.com.ar\/?post_type=product&#038;p=694"},"modified":"2020-02-28T17:44:07","modified_gmt":"2020-02-28T20:44:07","slug":"engrasadora-neumatica-c-balde-25-kg-c-carro-manometro-completa","status":"publish","type":"product","link":"https:\/\/lubricentroeric.com.ar\/?product=engrasadora-neumatica-c-balde-25-kg-c-carro-manometro-completa","title":{"rendered":"Engrasadora Neum\u00e1tica c\/balde 25 Kg c\/carro man\u00f3metro Completa"},"content":{"rendered":"<p>Grasera Neum\u00e1tica con balde de 25 Kg con carro y filtro regulador y lubricador con man\u00f3metro 1\/4 Completa<\/p>\n","protected":false},"excerpt":{"rendered":"<p>Grasera Neum\u00e1tica con balde de 25 Kg con carro y filtro regulador y lubricador con man\u00f3metro 1\/4 Completa<\/p>\n","protected":false},"featured_media":692,"comment_status":"open","ping_status":"closed","template":"","meta":[],"product_cat":[52],"product_tag":[],"_links":{"self":[{"href":"https:\/\/lubricentroeric.com.ar\/index.php?rest_route=\/wp\/v2\/product\/694"}],"collection":[{"href":"https:\/\/lubricentroeric.com.ar\/index.php?rest_route=\/wp\/v2\/product"}],"about":[{"href":"https:\/\/lubricentroeric.com.ar\/index.php?rest_route=\/wp\/v2\/types\/product"}],"replies":[{"embeddable":true,"href":"https:\/\/lubricentroeric.com.ar\/index.php?rest_route=%2Fwp%2Fv2%2Fcomments&post=694"}],"wp:featuredmedia":[{"embeddable":true,"href":"https:\/\/lubricentroeric.com.ar\/index.php?rest_route=\/wp\/v2\/media\/692"}],"wp:attachment":[{"href":"https:\/\/lubricentroeric.com.ar\/index.php?rest_route=%2Fwp%2Fv2%2Fmedia&parent=694"}],"wp:term":[{"taxonomy":"product_cat","embeddable":true,"href":"https:\/\/lubricentroeric.com.ar\/index.php?rest_route=%2Fwp%2Fv2%2Fproduct_cat&post=694"},{"taxonomy":"product_tag","embeddable":true,"href":"https:\/\/lubricentroeric.com.ar\/index.php?rest_route=%2Fwp%2Fv2%2Fproduct_tag&post=694"}],"curies":[{"name":"wp","href":"https:\/\/api.w.org\/{rel}","templated":true}]}}