{"id":653,"date":"2018-07-07T14:46:08","date_gmt":"2018-07-07T17:46:08","guid":{"rendered":"http:\/\/lubricentroeric.com.ar\/?post_type=product&#038;p=653"},"modified":"2021-07-10T12:26:32","modified_gmt":"2021-07-10T15:26:32","slug":"jeringa-extraccion-cuello-de-ganso-1000-cm3","status":"publish","type":"product","link":"https:\/\/lubricentroeric.com.ar\/?product=jeringa-extraccion-cuello-de-ganso-1000-cm3","title":{"rendered":"Jeringa Extracci\u00f3n Cuello De Ganso 1000 cm3"},"content":{"rendered":"<p>Jeringa Extracci\u00f3n Cuello de Ganso 1000 cm3<\/p>\n<p>\u2022 APLICACI\u00d3N: EXTRACCI\u00d3N E INYECCI\u00d3N DE ACEITE<br \/>\n\u2022 CUERPO MET\u00c1LICO Y PICO CURVO<br \/>\n\u2022 IDEAL PARA CAMBIO DE ACEITE DE CAJA<br \/>\nY DIFERENCIAL<br \/>\n\u2022 OPCIONAL FLEXIBLE CRISTAL<br \/>\n\u2022 CAPACIDAD: 1000 CM3<\/p>\n","protected":false},"excerpt":{"rendered":"<p>Jeringa Extracci\u00f3n Cuello de Ganso 1000 cm3 \u2022 APLICACI\u00d3N: EXTRACCI\u00d3N E INYECCI\u00d3N DE ACEITE \u2022 CUERPO MET\u00c1LICO Y PICO CURVO \u2022 IDEAL PARA CAMBIO DE ACEITE DE CAJA Y DIFERENCIAL \u2022 OPCIONAL FLEXIBLE CRISTAL \u2022 CAPACIDAD: 1000 CM3<\/p>\n","protected":false},"featured_media":654,"comment_status":"open","ping_status":"closed","template":"","meta":[],"product_cat":[53],"product_tag":[],"_links":{"self":[{"href":"https:\/\/lubricentroeric.com.ar\/index.php?rest_route=\/wp\/v2\/product\/653"}],"collection":[{"href":"https:\/\/lubricentroeric.com.ar\/index.php?rest_route=\/wp\/v2\/product"}],"about":[{"href":"https:\/\/lubricentroeric.com.ar\/index.php?rest_route=\/wp\/v2\/types\/product"}],"replies":[{"embeddable":true,"href":"https:\/\/lubricentroeric.com.ar\/index.php?rest_route=%2Fwp%2Fv2%2Fcomments&post=653"}],"wp:featuredmedia":[{"embeddable":true,"href":"https:\/\/lubricentroeric.com.ar\/index.php?rest_route=\/wp\/v2\/media\/654"}],"wp:attachment":[{"href":"https:\/\/lubricentroeric.com.ar\/index.php?rest_route=%2Fwp%2Fv2%2Fmedia&parent=653"}],"wp:term":[{"taxonomy":"product_cat","embeddable":true,"href":"https:\/\/lubricentroeric.com.ar\/index.php?rest_route=%2Fwp%2Fv2%2Fproduct_cat&post=653"},{"taxonomy":"product_tag","embeddable":true,"href":"https:\/\/lubricentroeric.com.ar\/index.php?rest_route=%2Fwp%2Fv2%2Fproduct_tag&post=653"}],"curies":[{"name":"wp","href":"https:\/\/api.w.org\/{rel}","templated":true}]}}