{"id":604,"date":"2018-06-30T14:45:41","date_gmt":"2018-06-30T17:45:41","guid":{"rendered":"http:\/\/lubricentroeric.com.ar\/?post_type=product&#038;p=604"},"modified":"2020-08-27T15:43:24","modified_gmt":"2020-08-27T18:43:24","slug":"liq-refrigerante-petronas-paraflu-ht-amarillo-20-litros","status":"publish","type":"product","link":"https:\/\/lubricentroeric.com.ar\/?product=liq-refrigerante-petronas-paraflu-ht-amarillo-20-litros","title":{"rendered":"L\u00edq. Refrigerante Petronas Paraflu HT Amarillo 20 litros"},"content":{"rendered":"<p>L\u00edquido Refrigerante Petronas Paraflu HT Amarillo Org\u00e1nico Balde 20 litros<\/p>\n","protected":false},"excerpt":{"rendered":"<p>L\u00edquido Refrigerante Petronas Paraflu HT Amarillo Org\u00e1nico Balde 20 litros<\/p>\n","protected":false},"featured_media":605,"comment_status":"open","ping_status":"closed","template":"","meta":[],"product_cat":[49],"product_tag":[],"_links":{"self":[{"href":"https:\/\/lubricentroeric.com.ar\/index.php?rest_route=\/wp\/v2\/product\/604"}],"collection":[{"href":"https:\/\/lubricentroeric.com.ar\/index.php?rest_route=\/wp\/v2\/product"}],"about":[{"href":"https:\/\/lubricentroeric.com.ar\/index.php?rest_route=\/wp\/v2\/types\/product"}],"replies":[{"embeddable":true,"href":"https:\/\/lubricentroeric.com.ar\/index.php?rest_route=%2Fwp%2Fv2%2Fcomments&post=604"}],"wp:featuredmedia":[{"embeddable":true,"href":"https:\/\/lubricentroeric.com.ar\/index.php?rest_route=\/wp\/v2\/media\/605"}],"wp:attachment":[{"href":"https:\/\/lubricentroeric.com.ar\/index.php?rest_route=%2Fwp%2Fv2%2Fmedia&parent=604"}],"wp:term":[{"taxonomy":"product_cat","embeddable":true,"href":"https:\/\/lubricentroeric.com.ar\/index.php?rest_route=%2Fwp%2Fv2%2Fproduct_cat&post=604"},{"taxonomy":"product_tag","embeddable":true,"href":"https:\/\/lubricentroeric.com.ar\/index.php?rest_route=%2Fwp%2Fv2%2Fproduct_tag&post=604"}],"curies":[{"name":"wp","href":"https:\/\/api.w.org\/{rel}","templated":true}]}}