{"id":600,"date":"2018-06-30T14:28:41","date_gmt":"2018-06-30T17:28:41","guid":{"rendered":"http:\/\/lubricentroeric.com.ar\/?post_type=product&#038;p=600"},"modified":"2020-08-27T15:43:41","modified_gmt":"2020-08-27T18:43:41","slug":"liq-refrigerante-petronas-paraflu-11-verde-1-litro","status":"publish","type":"product","link":"https:\/\/lubricentroeric.com.ar\/?product=liq-refrigerante-petronas-paraflu-11-verde-1-litro","title":{"rendered":"L\u00edq. Refrigerante Petronas Paraflu 11 Verde 1 litro"},"content":{"rendered":"<p>L\u00edquido Refrigerante Petronas Paraflu 11 Verde Inorg\u00e1nico 1 litro<\/p>\n","protected":false},"excerpt":{"rendered":"<p>L\u00edquido Refrigerante Petronas Paraflu 11 Verde Inorg\u00e1nico 1 litro<\/p>\n","protected":false},"featured_media":601,"comment_status":"open","ping_status":"closed","template":"","meta":[],"product_cat":[49],"product_tag":[],"_links":{"self":[{"href":"https:\/\/lubricentroeric.com.ar\/index.php?rest_route=\/wp\/v2\/product\/600"}],"collection":[{"href":"https:\/\/lubricentroeric.com.ar\/index.php?rest_route=\/wp\/v2\/product"}],"about":[{"href":"https:\/\/lubricentroeric.com.ar\/index.php?rest_route=\/wp\/v2\/types\/product"}],"replies":[{"embeddable":true,"href":"https:\/\/lubricentroeric.com.ar\/index.php?rest_route=%2Fwp%2Fv2%2Fcomments&post=600"}],"wp:featuredmedia":[{"embeddable":true,"href":"https:\/\/lubricentroeric.com.ar\/index.php?rest_route=\/wp\/v2\/media\/601"}],"wp:attachment":[{"href":"https:\/\/lubricentroeric.com.ar\/index.php?rest_route=%2Fwp%2Fv2%2Fmedia&parent=600"}],"wp:term":[{"taxonomy":"product_cat","embeddable":true,"href":"https:\/\/lubricentroeric.com.ar\/index.php?rest_route=%2Fwp%2Fv2%2Fproduct_cat&post=600"},{"taxonomy":"product_tag","embeddable":true,"href":"https:\/\/lubricentroeric.com.ar\/index.php?rest_route=%2Fwp%2Fv2%2Fproduct_tag&post=600"}],"curies":[{"name":"wp","href":"https:\/\/api.w.org\/{rel}","templated":true}]}}