{"id":583,"date":"2018-06-28T18:45:26","date_gmt":"2018-06-28T21:45:26","guid":{"rendered":"http:\/\/lubricentroeric.com.ar\/?post_type=product&#038;p=583"},"modified":"2020-08-27T15:44:24","modified_gmt":"2020-08-27T18:44:24","slug":"petronas-mach-5-20w50-mineral-20-litros","status":"publish","type":"product","link":"https:\/\/lubricentroeric.com.ar\/?product=petronas-mach-5-20w50-mineral-20-litros","title":{"rendered":"Petronas Mach 5 20w50 Mineral 20 litros"},"content":{"rendered":"<p>Aceite Motor Petronas Mach 5 20w50 Mineral Sf\/cc 20 Litros<\/p>\n<p>&#8212;&#8212;&#8212;&#8212;&#8212;&#8212;&#8212;&#8212;&#8212;&#8212;&#8212;&#8212;&#8212;&#8212;&#8212;&#8212;&#8212;&#8212;&#8212;&#8212;&#8212;&#8212;&#8212;&#8212;&#8212;&#8212;&#8212;&#8212;&#8212;&#8212;&#8211;<\/p>\n<p>PETRONAS MACH 5 20W-50 SF\/CC<br \/>\nLubricante multigrado mineral para motores nafteros y GNC. Lubricante para flotas mixtas de veh\u00edculos a nafta o GNC. Formulado con aceites b\u00e1sicos minerales de alto grado de refinaci\u00f3n y aditivos que le confieren propiedades detergentes, antioxidantes, antidesgaste, antiespuma, entre otras. Su uso es recomendado para clima templado y c\u00e1lido.<\/p>\n<p>Beneficios:<\/p>\n<p>Mantiene la viscosidad en un amplio rango de temperaturas. Facilita la lubricaci\u00f3n durante el arranque en fr\u00edo.<br \/>\nAlta resistencia de pel\u00edcula lubricante.<br \/>\nProtege contra el desgaste.<br \/>\nMantiene la limpieza y reduce la formaci\u00f3n de barros, lacas y barnices.<\/p>\n<p>Especificaciones:<\/p>\n<p>SAE 20W-50<br \/>\nAPI SF\/CC<\/p>\n","protected":false},"excerpt":{"rendered":"<p>Aceite Motor Petronas Mach 5 20w50 Mineral Sf\/cc 20 Litros &#8212;&#8212;&#8212;&#8212;&#8212;&#8212;&#8212;&#8212;&#8212;&#8212;&#8212;&#8212;&#8212;&#8212;&#8212;&#8212;&#8212;&#8212;&#8212;&#8212;&#8212;&#8212;&#8212;&#8212;&#8212;&#8212;&#8212;&#8212;&#8212;&#8212;&#8211; PETRONAS MACH 5 20W-50 SF\/CC Lubricante multigrado mineral para motores nafteros y GNC. Lubricante para flotas mixtas de veh\u00edculos a nafta o GNC. Formulado con aceites b\u00e1sicos minerales de&hellip;&nbsp;<a href=\"https:\/\/lubricentroeric.com.ar\/?product=petronas-mach-5-20w50-mineral-20-litros\" class=\"more-link\">Read More<\/a><\/p>\n","protected":false},"featured_media":582,"comment_status":"open","ping_status":"closed","template":"","meta":[],"product_cat":[45],"product_tag":[],"_links":{"self":[{"href":"https:\/\/lubricentroeric.com.ar\/index.php?rest_route=\/wp\/v2\/product\/583"}],"collection":[{"href":"https:\/\/lubricentroeric.com.ar\/index.php?rest_route=\/wp\/v2\/product"}],"about":[{"href":"https:\/\/lubricentroeric.com.ar\/index.php?rest_route=\/wp\/v2\/types\/product"}],"replies":[{"embeddable":true,"href":"https:\/\/lubricentroeric.com.ar\/index.php?rest_route=%2Fwp%2Fv2%2Fcomments&post=583"}],"wp:featuredmedia":[{"embeddable":true,"href":"https:\/\/lubricentroeric.com.ar\/index.php?rest_route=\/wp\/v2\/media\/582"}],"wp:attachment":[{"href":"https:\/\/lubricentroeric.com.ar\/index.php?rest_route=%2Fwp%2Fv2%2Fmedia&parent=583"}],"wp:term":[{"taxonomy":"product_cat","embeddable":true,"href":"https:\/\/lubricentroeric.com.ar\/index.php?rest_route=%2Fwp%2Fv2%2Fproduct_cat&post=583"},{"taxonomy":"product_tag","embeddable":true,"href":"https:\/\/lubricentroeric.com.ar\/index.php?rest_route=%2Fwp%2Fv2%2Fproduct_tag&post=583"}],"curies":[{"name":"wp","href":"https:\/\/api.w.org\/{rel}","templated":true}]}}