{"id":581,"date":"2018-06-28T18:30:38","date_gmt":"2018-06-28T21:30:38","guid":{"rendered":"http:\/\/lubricentroeric.com.ar\/?post_type=product&#038;p=581"},"modified":"2020-08-27T15:44:30","modified_gmt":"2020-08-27T18:44:30","slug":"petronas-mach-5-hm-25w60-mineral-20-litros","status":"publish","type":"product","link":"https:\/\/lubricentroeric.com.ar\/?product=petronas-mach-5-hm-25w60-mineral-20-litros","title":{"rendered":"Petronas Mach 5 HM 25w60 Mineral 20 litros"},"content":{"rendered":"<p>Aceite Motor Petronas Mach 5 HM 25w60 Mineral SF\/CC 20 Litros<\/p>\n<p>Lubrificante especial para motores propulsados a gasolina, etanol y GNV, con mas de 100.000 km de uso. Desarrollado con aditivos de \u00faltima generaci\u00f3n y con mejorador de \u00edndice de viscosidad, MACH 5 HM permite mayor protecci\u00f3n contra el desgaste generado por las altas temperaturas. Su elevado grado de viscosidad asegura menor p\u00e9rdida de potencia del motor y menor p\u00e9rdida de presi\u00f3n en el pist\u00f3n.<\/p>\n<p>Especificaciones t\u00e9cnicas:<\/p>\n<p>SAE 25W-60<br \/>\nAPI SF<\/p>\n","protected":false},"excerpt":{"rendered":"<p>Aceite Motor Petronas Mach 5 HM 25w60 Mineral SF\/CC 20 Litros Lubrificante especial para motores propulsados a gasolina, etanol y GNV, con mas de 100.000 km de uso. Desarrollado con aditivos de \u00faltima generaci\u00f3n y con mejorador de \u00edndice de&hellip;&nbsp;<a href=\"https:\/\/lubricentroeric.com.ar\/?product=petronas-mach-5-hm-25w60-mineral-20-litros\" class=\"more-link\">Read More<\/a><\/p>\n","protected":false},"featured_media":582,"comment_status":"open","ping_status":"closed","template":"","meta":[],"product_cat":[45],"product_tag":[],"_links":{"self":[{"href":"https:\/\/lubricentroeric.com.ar\/index.php?rest_route=\/wp\/v2\/product\/581"}],"collection":[{"href":"https:\/\/lubricentroeric.com.ar\/index.php?rest_route=\/wp\/v2\/product"}],"about":[{"href":"https:\/\/lubricentroeric.com.ar\/index.php?rest_route=\/wp\/v2\/types\/product"}],"replies":[{"embeddable":true,"href":"https:\/\/lubricentroeric.com.ar\/index.php?rest_route=%2Fwp%2Fv2%2Fcomments&post=581"}],"wp:featuredmedia":[{"embeddable":true,"href":"https:\/\/lubricentroeric.com.ar\/index.php?rest_route=\/wp\/v2\/media\/582"}],"wp:attachment":[{"href":"https:\/\/lubricentroeric.com.ar\/index.php?rest_route=%2Fwp%2Fv2%2Fmedia&parent=581"}],"wp:term":[{"taxonomy":"product_cat","embeddable":true,"href":"https:\/\/lubricentroeric.com.ar\/index.php?rest_route=%2Fwp%2Fv2%2Fproduct_cat&post=581"},{"taxonomy":"product_tag","embeddable":true,"href":"https:\/\/lubricentroeric.com.ar\/index.php?rest_route=%2Fwp%2Fv2%2Fproduct_tag&post=581"}],"curies":[{"name":"wp","href":"https:\/\/api.w.org\/{rel}","templated":true}]}}