{"id":526,"date":"2018-06-25T11:24:24","date_gmt":"2018-06-25T14:24:24","guid":{"rendered":"http:\/\/lubricentroeric.com.ar\/?post_type=product&#038;p=526"},"modified":"2021-07-10T12:27:14","modified_gmt":"2021-07-10T15:27:14","slug":"filtro-de-combustible-rama-rk60hp-trampa-agua","status":"publish","type":"product","link":"https:\/\/lubricentroeric.com.ar\/?product=filtro-de-combustible-rama-rk60hp-trampa-agua","title":{"rendered":"Filtro de combustible Rama RK60HP Trampa agua"},"content":{"rendered":"<p>Filtro de Combustible Cami\u00f3n Rama RK60HP Separador de agua<\/p>\n<p>Aplicaciones: Reemplazo de R60A y R60HP, versi\u00f3n con vaso fijo descartable (PRIMARIO o SECUNDARIO), Mercedes Benz A3760927301, R6010HP, EXCLUSIVO EN PRESI\u00d3N (secundario), WK1140, FS19930, 0986450709, kc121, PS7171, PSD460\/1, M.Benz, S3225, FS19538, S6464<\/p>\n","protected":false},"excerpt":{"rendered":"<p>Filtro de Combustible Cami\u00f3n Rama RK60HP Separador de agua Aplicaciones: Reemplazo de R60A y R60HP, versi\u00f3n con vaso fijo descartable (PRIMARIO o SECUNDARIO), Mercedes Benz A3760927301, R6010HP, EXCLUSIVO EN PRESI\u00d3N (secundario), WK1140, FS19930, 0986450709, kc121, PS7171, PSD460\/1, M.Benz, S3225, FS19538,&hellip;&nbsp;<a href=\"https:\/\/lubricentroeric.com.ar\/?product=filtro-de-combustible-rama-rk60hp-trampa-agua\" class=\"more-link\">Read More<\/a><\/p>\n","protected":false},"featured_media":527,"comment_status":"open","ping_status":"closed","template":"","meta":[],"product_cat":[36],"product_tag":[],"_links":{"self":[{"href":"https:\/\/lubricentroeric.com.ar\/index.php?rest_route=\/wp\/v2\/product\/526"}],"collection":[{"href":"https:\/\/lubricentroeric.com.ar\/index.php?rest_route=\/wp\/v2\/product"}],"about":[{"href":"https:\/\/lubricentroeric.com.ar\/index.php?rest_route=\/wp\/v2\/types\/product"}],"replies":[{"embeddable":true,"href":"https:\/\/lubricentroeric.com.ar\/index.php?rest_route=%2Fwp%2Fv2%2Fcomments&post=526"}],"wp:featuredmedia":[{"embeddable":true,"href":"https:\/\/lubricentroeric.com.ar\/index.php?rest_route=\/wp\/v2\/media\/527"}],"wp:attachment":[{"href":"https:\/\/lubricentroeric.com.ar\/index.php?rest_route=%2Fwp%2Fv2%2Fmedia&parent=526"}],"wp:term":[{"taxonomy":"product_cat","embeddable":true,"href":"https:\/\/lubricentroeric.com.ar\/index.php?rest_route=%2Fwp%2Fv2%2Fproduct_cat&post=526"},{"taxonomy":"product_tag","embeddable":true,"href":"https:\/\/lubricentroeric.com.ar\/index.php?rest_route=%2Fwp%2Fv2%2Fproduct_tag&post=526"}],"curies":[{"name":"wp","href":"https:\/\/api.w.org\/{rel}","templated":true}]}}