{"id":267,"date":"2018-06-02T13:29:12","date_gmt":"2018-06-02T16:29:12","guid":{"rendered":"http:\/\/lubricentroeric.com.ar\/?post_type=product&#038;p=267"},"modified":"2019-12-05T17:44:20","modified_gmt":"2019-12-05T20:44:20","slug":"shell-rimula-r3-40-20-litros","status":"publish","type":"product","link":"https:\/\/lubricentroeric.com.ar\/?product=shell-rimula-r3-40-20-litros","title":{"rendered":"Shell Rimula R3 40 20 litros"},"content":{"rendered":"<p>Shell Rimula R3 se adapta a las condiciones de conducci\u00f3n y proporciona protecci\u00f3n extra y mantiene los pistones y otras piezas del pist\u00f3n limpias. Proporciona protecci\u00f3n frente al desgaste y vida prolongada al motor, ofreciendo protecci\u00f3n frente a la formaci\u00f3n de dep\u00f3sitos y rendimiento mejorado del motor.<\/p>\n<p>MAN 270<br \/>\nMB-Approval 228.0<br \/>\nMTU Category 1<br \/>\nAPI CF<br \/>\nACEA E2<\/p>\n<p>Motores di\u00e9sel: Shell Rimula R3 ofrece el rendimiento adecuado en gran variedad de aplicaciones fuera de carretera o en aplicaciones en carretera de veh\u00edculos di\u00e9sel antiguos.<br \/>\nAplicaciones en la industria de construcci\u00f3n: Shell Rimula R3 puede emplearse en transmisiones y sistemas hidr\u00e1ulicos de maquinaria de construcci\u00f3n, siempre que est\u00e9 especificado por el fabricante.<br \/>\nEquipos industriales estacionarios: El aceite monogrado Shell Rimula R3 es aporpiado para ciertos equipos estacionarios, como equipos de bombeo, que operan en condiciones estables.<\/p>\n<p>Aprobaci\u00f3n del fabricante del equipo: Shell Rimula R3 monogrados est\u00e1n aprobados para su uso en una gran variedad de motores de los principales fabricantes de equipos.<br \/>\nElevados est\u00e1ndares de limpieza de los pistones: Su elevada estabilidad t\u00e9rmica y resistencia a la oxidaci\u00f3n proporciona un elevado est\u00e1ndar de limpieza de los pistones.<br \/>\nDesgaste reducido y vida \u00fatil prolongadas del motor: La limpieza global del motor contribuye a menor desgaste, mayor vida \u00fatil, mayor potencia y rendimiento y menores gastos operativos.<\/p>\n","protected":false},"excerpt":{"rendered":"<p>Shell Rimula R3 se adapta a las condiciones de conducci\u00f3n y proporciona protecci\u00f3n extra y mantiene los pistones y otras piezas del pist\u00f3n limpias. Proporciona protecci\u00f3n frente al desgaste y vida prolongada al motor, ofreciendo protecci\u00f3n frente a la formaci\u00f3n&hellip;&nbsp;<a href=\"https:\/\/lubricentroeric.com.ar\/?product=shell-rimula-r3-40-20-litros\" class=\"more-link\">Read More<\/a><\/p>\n","protected":false},"featured_media":268,"comment_status":"open","ping_status":"closed","template":"","meta":[],"product_cat":[34],"product_tag":[],"_links":{"self":[{"href":"https:\/\/lubricentroeric.com.ar\/index.php?rest_route=\/wp\/v2\/product\/267"}],"collection":[{"href":"https:\/\/lubricentroeric.com.ar\/index.php?rest_route=\/wp\/v2\/product"}],"about":[{"href":"https:\/\/lubricentroeric.com.ar\/index.php?rest_route=\/wp\/v2\/types\/product"}],"replies":[{"embeddable":true,"href":"https:\/\/lubricentroeric.com.ar\/index.php?rest_route=%2Fwp%2Fv2%2Fcomments&post=267"}],"wp:featuredmedia":[{"embeddable":true,"href":"https:\/\/lubricentroeric.com.ar\/index.php?rest_route=\/wp\/v2\/media\/268"}],"wp:attachment":[{"href":"https:\/\/lubricentroeric.com.ar\/index.php?rest_route=%2Fwp%2Fv2%2Fmedia&parent=267"}],"wp:term":[{"taxonomy":"product_cat","embeddable":true,"href":"https:\/\/lubricentroeric.com.ar\/index.php?rest_route=%2Fwp%2Fv2%2Fproduct_cat&post=267"},{"taxonomy":"product_tag","embeddable":true,"href":"https:\/\/lubricentroeric.com.ar\/index.php?rest_route=%2Fwp%2Fv2%2Fproduct_tag&post=267"}],"curies":[{"name":"wp","href":"https:\/\/api.w.org\/{rel}","templated":true}]}}