{"id":237,"date":"2018-05-31T14:54:11","date_gmt":"2018-05-31T17:54:11","guid":{"rendered":"http:\/\/lubricentroeric.com.ar\/?post_type=product&#038;p=237"},"modified":"2019-12-05T17:44:32","modified_gmt":"2019-12-05T20:44:32","slug":"deflector-superior-para-camion-vw","status":"publish","type":"product","link":"https:\/\/lubricentroeric.com.ar\/?product=deflector-superior-para-camion-vw","title":{"rendered":"Deflector superior de ventana para cami\u00f3n VW"},"content":{"rendered":"<p>Juego de Deflector Acr\u00edlico Superior de Ventana para Cami\u00f3n Volkswagen<\/p>\n<p>&nbsp;<\/p>\n<p>Colores disponibles<\/p>\n<p>Fume \/ Azul \/ Rojo<\/p>\n","protected":false},"excerpt":{"rendered":"<p>Juego de Deflector Acr\u00edlico Superior de Ventana para Cami\u00f3n Volkswagen &nbsp; Colores disponibles Fume \/ Azul \/ Rojo<\/p>\n","protected":false},"featured_media":238,"comment_status":"open","ping_status":"closed","template":"","meta":[],"product_cat":[57],"product_tag":[],"_links":{"self":[{"href":"https:\/\/lubricentroeric.com.ar\/index.php?rest_route=\/wp\/v2\/product\/237"}],"collection":[{"href":"https:\/\/lubricentroeric.com.ar\/index.php?rest_route=\/wp\/v2\/product"}],"about":[{"href":"https:\/\/lubricentroeric.com.ar\/index.php?rest_route=\/wp\/v2\/types\/product"}],"replies":[{"embeddable":true,"href":"https:\/\/lubricentroeric.com.ar\/index.php?rest_route=%2Fwp%2Fv2%2Fcomments&post=237"}],"wp:featuredmedia":[{"embeddable":true,"href":"https:\/\/lubricentroeric.com.ar\/index.php?rest_route=\/wp\/v2\/media\/238"}],"wp:attachment":[{"href":"https:\/\/lubricentroeric.com.ar\/index.php?rest_route=%2Fwp%2Fv2%2Fmedia&parent=237"}],"wp:term":[{"taxonomy":"product_cat","embeddable":true,"href":"https:\/\/lubricentroeric.com.ar\/index.php?rest_route=%2Fwp%2Fv2%2Fproduct_cat&post=237"},{"taxonomy":"product_tag","embeddable":true,"href":"https:\/\/lubricentroeric.com.ar\/index.php?rest_route=%2Fwp%2Fv2%2Fproduct_tag&post=237"}],"curies":[{"name":"wp","href":"https:\/\/api.w.org\/{rel}","templated":true}]}}