{"id":1583,"date":"2018-11-24T14:53:53","date_gmt":"2018-11-24T17:53:53","guid":{"rendered":"http:\/\/lubricentroeric.com.ar\/?post_type=product&#038;p=1583"},"modified":"2019-12-05T17:32:36","modified_gmt":"2019-12-05T20:32:36","slug":"shell-spirax-s1-atf-tasa-tambor-209-litros","status":"publish","type":"product","link":"https:\/\/lubricentroeric.com.ar\/?product=shell-spirax-s1-atf-tasa-tambor-209-litros","title":{"rendered":"Shell Spirax S1 ATF TASA Tambor 209 Litros"},"content":{"rendered":"<p>Aceite Hidr\u00e1ulico Shell Spirax S1 ATF Tasa Tambor 209 Litros L\u00edquido rojo<\/p>\n<p>Entrega en 48 hs<br \/>\nEnv\u00edo sin cargo en Capital Federal, Zona Norte y Zona Oeste &#8211; Consultar<\/p>\n<p>&#8212;&#8212;&#8212;&#8212;&#8212;&#8212;&#8212;&#8212;&#8212;&#8212;&#8212;&#8212;&#8212;&#8212;&#8212;&#8212;&#8212;&#8212;&#8212;&#8212;&#8212;&#8212;&#8212;&#8212;&#8212;&#8212;&#8212;&#8212;&#8212;&#8212;&#8211;<\/p>\n<p>Shell Spirax S1 ATF TASA<br \/>\nFluido para Transmisiones Autom\u00e1ticas de Calidad Tipo A Sufijo A e<br \/>\nHidr\u00e1ulicos.<br \/>\nShell Spirax S1 ATF TASA es un fluido de alta calidad para transmisiones automotrices,<br \/>\ndirecciones asistidas y sistemas hidr\u00e1ulicos utilizados principalmente en veh\u00edculos que<br \/>\ntrabajan en ambientes fuera de carretera.<br \/>\nAplicaciones<br \/>\n\u00bf Transmisiones del tipo \u201cPowershift\u201d y reductores de<br \/>\nuso industrial.<br \/>\n\u00bf Aplicaciones que requieran fluidos GM tipo A sufijo<br \/>\nA.<br \/>\n\u00bf Transmisiones autom\u00e1ticas y direcciones servo<br \/>\nasistidas en camiones de trabajo pesado, veh\u00edculos<br \/>\ntodo terreno y de pasajeros.<br \/>\n\u00bf Sistemas hidr\u00e1ulicos de algunas aplicaciones fuera<br \/>\nde carretera.<br \/>\nCaracter\u00edsticas de Desempe\u00f1o y Beneficios<br \/>\n\u00bf Estabilidad t\u00e9rmica y a la oxidaci\u00f3n.<br \/>\n\u00bf Dispersante.<br \/>\n\u00bf Reduce la fricci\u00f3n.<br \/>\n\u00bf Estabilidad al corte.<br \/>\n\u00bf Caracter\u00edsticas EP y anti desgaste.<br \/>\nEspecificaciones y Aprobaciones<br \/>\nCumple los requerimientos de:<br \/>\nGeneral Motors Type &#8216;A&#8217; Suffix &#8216;A&#8217;<br \/>\nAsesoramiento T\u00e9cnico<br \/>\nPara aplicaciones no contenidas en esta publicaci\u00f3n,<br \/>\nconsulte al Centro T\u00e9cnico Shell.<br \/>\nSalud y Seguridad<br \/>\nLa respectiva Hoja de Datos de Seguridad del<br \/>\nMaterial, que se puede conseguir a trav\u00e9s del<br \/>\nrepresentante de Shell, indica los datos y<br \/>\nlineamientos sobre Salud y Seguridad.<br \/>\nProteja el Ambiente<br \/>\nLleve el aceite usado a un punto de recolecci\u00f3n<br \/>\nautorizado; no lo vierta en drenajes, ni en suelos, o<br \/>\nagua.<br \/>\nCaracter\u00edsticas F\u00edsicas T\u00edpicas<br \/>\nShell Spirax S1 ATF TASA<br \/>\nViscosidad Cinem\u00e1tica ISO 3104<br \/>\na 40\u00b0C mm2<br \/>\n\/s 40.0<br \/>\na 100\u00b0C mm2<br \/>\n\/s 7.5<br \/>\n\u00cdndice de Viscosidad ISO 2909 157<br \/>\nDensidad a 15\u00b0C kg\/m3<br \/>\nISO 12185 880<br \/>\nPunto de Inflamaci\u00f3n COC \u00b0C ISO 2592 170<br \/>\nPunto de Escurrimiento \u00b0C ISO 3016 -42<br \/>\nLos valores indicados son representativos de la producci\u00f3n actual y no constituyen una especificaci\u00f3n. La producci\u00f3n del producto se realiza<br \/>\nconforme a las especificaciones de Shell.<\/p>\n","protected":false},"excerpt":{"rendered":"<p>Aceite Hidr\u00e1ulico Shell Spirax S1 ATF Tasa Tambor 209 Litros L\u00edquido rojo Entrega en 48 hs Env\u00edo sin cargo en Capital Federal, Zona Norte y Zona Oeste &#8211; Consultar &#8212;&#8212;&#8212;&#8212;&#8212;&#8212;&#8212;&#8212;&#8212;&#8212;&#8212;&#8212;&#8212;&#8212;&#8212;&#8212;&#8212;&#8212;&#8212;&#8212;&#8212;&#8212;&#8212;&#8212;&#8212;&#8212;&#8212;&#8212;&#8212;&#8212;&#8211; Shell Spirax S1 ATF TASA Fluido para Transmisiones Autom\u00e1ticas de&hellip;&nbsp;<a href=\"https:\/\/lubricentroeric.com.ar\/?product=shell-spirax-s1-atf-tasa-tambor-209-litros\" class=\"more-link\">Read More<\/a><\/p>\n","protected":false},"featured_media":1481,"comment_status":"open","ping_status":"closed","template":"","meta":[],"product_cat":[82],"product_tag":[],"_links":{"self":[{"href":"https:\/\/lubricentroeric.com.ar\/index.php?rest_route=\/wp\/v2\/product\/1583"}],"collection":[{"href":"https:\/\/lubricentroeric.com.ar\/index.php?rest_route=\/wp\/v2\/product"}],"about":[{"href":"https:\/\/lubricentroeric.com.ar\/index.php?rest_route=\/wp\/v2\/types\/product"}],"replies":[{"embeddable":true,"href":"https:\/\/lubricentroeric.com.ar\/index.php?rest_route=%2Fwp%2Fv2%2Fcomments&post=1583"}],"wp:featuredmedia":[{"embeddable":true,"href":"https:\/\/lubricentroeric.com.ar\/index.php?rest_route=\/wp\/v2\/media\/1481"}],"wp:attachment":[{"href":"https:\/\/lubricentroeric.com.ar\/index.php?rest_route=%2Fwp%2Fv2%2Fmedia&parent=1583"}],"wp:term":[{"taxonomy":"product_cat","embeddable":true,"href":"https:\/\/lubricentroeric.com.ar\/index.php?rest_route=%2Fwp%2Fv2%2Fproduct_cat&post=1583"},{"taxonomy":"product_tag","embeddable":true,"href":"https:\/\/lubricentroeric.com.ar\/index.php?rest_route=%2Fwp%2Fv2%2Fproduct_tag&post=1583"}],"curies":[{"name":"wp","href":"https:\/\/api.w.org\/{rel}","templated":true}]}}