{"id":1490,"date":"2018-11-03T13:17:00","date_gmt":"2018-11-03T16:17:00","guid":{"rendered":"http:\/\/lubricentroeric.com.ar\/?post_type=product&#038;p=1490"},"modified":"2020-06-08T12:03:26","modified_gmt":"2020-06-08T15:03:26","slug":"shell-spirax-s2-a-85w140-tambor-209-litros","status":"publish","type":"product","link":"https:\/\/lubricentroeric.com.ar\/?product=shell-spirax-s2-a-85w140-tambor-209-litros","title":{"rendered":"Shell Spirax S2 A 85w140 Tambor 209 Litros"},"content":{"rendered":"<p>Aceite Caja Shell Spirax S2 A 85w140 Mineral Tambor 209 L<\/p>\n<p>Entrega en 48 hs<br \/>\nEnv\u00edo sin cargo en Capital Federal, Zona Norte y Zona Oeste &#8211; Consultar<\/p>\n<p>&#8212;&#8212;&#8212;&#8212;&#8212;&#8212;&#8212;&#8212;&#8212;&#8212;&#8212;&#8212;&#8212;&#8212;&#8212;&#8212;&#8212;&#8212;&#8212;&#8212;&#8212;&#8212;&#8212;&#8212;&#8212;&#8212;&#8212;&#8212;&#8212;&#8212;&#8211;<\/p>\n<p>Aditivos especialmente seleccionados: Excelentes propiedades frente al desgaste y la corrosi\u00f3n, as\u00ed como una elevada resistencia a la oxidaci\u00f3n<br \/>\nAceites base de alta calidad: Capaz de fluir incluso a las temperaturas de trabajo m\u00e1s bajas, estable frente a la oxidaci\u00f3n, mantiene la capa lubricante entre los dientes de los engranajes.<\/p>\n<p>Transmisiones y diferenciales de veh\u00edculos.<br \/>\nEngranajes que trabajan bajo cargas moderadas o altas de equipos estacionarios o auxiliares.<br \/>\nDiferenciales de engranajes hipoides.<br \/>\nMandos finales de motocicletas.<br \/>\nTransmisiones de automoci\u00f3n que operan bajo las siguientes condiciones: alta velocidad\/cargas de choque, alta velocidad\/bajo par y baja velocidad\/alto par.<\/p>\n<p>Clasificaci\u00f3n de Servicio API: GL-5<\/p>\n","protected":false},"excerpt":{"rendered":"<p>Aceite Caja Shell Spirax S2 A 85w140 Mineral Tambor 209 L Entrega en 48 hs Env\u00edo sin cargo en Capital Federal, Zona Norte y Zona Oeste &#8211; Consultar &#8212;&#8212;&#8212;&#8212;&#8212;&#8212;&#8212;&#8212;&#8212;&#8212;&#8212;&#8212;&#8212;&#8212;&#8212;&#8212;&#8212;&#8212;&#8212;&#8212;&#8212;&#8212;&#8212;&#8212;&#8212;&#8212;&#8212;&#8212;&#8212;&#8212;&#8211; Aditivos especialmente seleccionados: Excelentes propiedades frente al desgaste y la corrosi\u00f3n,&hellip;&nbsp;<a href=\"https:\/\/lubricentroeric.com.ar\/?product=shell-spirax-s2-a-85w140-tambor-209-litros\" class=\"more-link\">Read More<\/a><\/p>\n","protected":false},"featured_media":1481,"comment_status":"open","ping_status":"closed","template":"","meta":[],"product_cat":[80],"product_tag":[],"_links":{"self":[{"href":"https:\/\/lubricentroeric.com.ar\/index.php?rest_route=\/wp\/v2\/product\/1490"}],"collection":[{"href":"https:\/\/lubricentroeric.com.ar\/index.php?rest_route=\/wp\/v2\/product"}],"about":[{"href":"https:\/\/lubricentroeric.com.ar\/index.php?rest_route=\/wp\/v2\/types\/product"}],"replies":[{"embeddable":true,"href":"https:\/\/lubricentroeric.com.ar\/index.php?rest_route=%2Fwp%2Fv2%2Fcomments&post=1490"}],"wp:featuredmedia":[{"embeddable":true,"href":"https:\/\/lubricentroeric.com.ar\/index.php?rest_route=\/wp\/v2\/media\/1481"}],"wp:attachment":[{"href":"https:\/\/lubricentroeric.com.ar\/index.php?rest_route=%2Fwp%2Fv2%2Fmedia&parent=1490"}],"wp:term":[{"taxonomy":"product_cat","embeddable":true,"href":"https:\/\/lubricentroeric.com.ar\/index.php?rest_route=%2Fwp%2Fv2%2Fproduct_cat&post=1490"},{"taxonomy":"product_tag","embeddable":true,"href":"https:\/\/lubricentroeric.com.ar\/index.php?rest_route=%2Fwp%2Fv2%2Fproduct_tag&post=1490"}],"curies":[{"name":"wp","href":"https:\/\/api.w.org\/{rel}","templated":true}]}}