{"id":1477,"date":"2018-11-02T10:56:47","date_gmt":"2018-11-02T13:56:47","guid":{"rendered":"http:\/\/lubricentroeric.com.ar\/?post_type=product&#038;p=1477"},"modified":"2020-06-08T12:03:48","modified_gmt":"2020-06-08T15:03:48","slug":"cubre-plato-de-enganche-protector-autolubricante-tormecan-montenegro","status":"publish","type":"product","link":"https:\/\/lubricentroeric.com.ar\/?product=cubre-plato-de-enganche-protector-autolubricante-tormecan-montenegro","title":{"rendered":"Cubre Plato De Enganche Protector Autolubricante TORMECAN \/ MONTENEGRO"},"content":{"rendered":"<p>CUBRE PLATO DE ENGANCHE PROTECTOR AUTOLUBRICANTE TIPO TORMECAN \/ MONTENEGRO con bulones<\/p>\n<p>* Fabricado en tefl\u00f3n. Durabilidad de 100.000 km aprox..<br \/>\n* Su principal funci\u00f3n es que elimina el uso de grasa evitando que causen da\u00f1os a terceros.<br \/>\n* Fabricado con material autolubricado de alta resistencia al desgaste.<br \/>\n* Aumenta la vida \u00fatil del mismo.<br \/>\n* Libre de mantenimiento.<br \/>\n* Muy f\u00e1cil instalaci\u00f3n.<br \/>\n* Dise\u00f1ado para cada plato de enganche existente en el mercado.<br \/>\n* Incluye elementos de fijaci\u00f3n con traba anti giro y solo se necesita una herramienta para su colocaci\u00f3n.<\/p>\n","protected":false},"excerpt":{"rendered":"<p>CUBRE PLATO DE ENGANCHE PROTECTOR AUTOLUBRICANTE TIPO TORMECAN \/ MONTENEGRO con bulones * Fabricado en tefl\u00f3n. Durabilidad de 100.000 km aprox.. * Su principal funci\u00f3n es que elimina el uso de grasa evitando que causen da\u00f1os a terceros. * Fabricado&hellip;&nbsp;<a href=\"https:\/\/lubricentroeric.com.ar\/?product=cubre-plato-de-enganche-protector-autolubricante-tormecan-montenegro\" class=\"more-link\">Read More<\/a><\/p>\n","protected":false},"featured_media":1474,"comment_status":"open","ping_status":"closed","template":"","meta":[],"product_cat":[76],"product_tag":[],"_links":{"self":[{"href":"https:\/\/lubricentroeric.com.ar\/index.php?rest_route=\/wp\/v2\/product\/1477"}],"collection":[{"href":"https:\/\/lubricentroeric.com.ar\/index.php?rest_route=\/wp\/v2\/product"}],"about":[{"href":"https:\/\/lubricentroeric.com.ar\/index.php?rest_route=\/wp\/v2\/types\/product"}],"replies":[{"embeddable":true,"href":"https:\/\/lubricentroeric.com.ar\/index.php?rest_route=%2Fwp%2Fv2%2Fcomments&post=1477"}],"wp:featuredmedia":[{"embeddable":true,"href":"https:\/\/lubricentroeric.com.ar\/index.php?rest_route=\/wp\/v2\/media\/1474"}],"wp:attachment":[{"href":"https:\/\/lubricentroeric.com.ar\/index.php?rest_route=%2Fwp%2Fv2%2Fmedia&parent=1477"}],"wp:term":[{"taxonomy":"product_cat","embeddable":true,"href":"https:\/\/lubricentroeric.com.ar\/index.php?rest_route=%2Fwp%2Fv2%2Fproduct_cat&post=1477"},{"taxonomy":"product_tag","embeddable":true,"href":"https:\/\/lubricentroeric.com.ar\/index.php?rest_route=%2Fwp%2Fv2%2Fproduct_tag&post=1477"}],"curies":[{"name":"wp","href":"https:\/\/api.w.org\/{rel}","templated":true}]}}