{"id":1468,"date":"2018-11-01T18:17:27","date_gmt":"2018-11-01T21:17:27","guid":{"rendered":"http:\/\/lubricentroeric.com.ar\/?post_type=product&#038;p=1468"},"modified":"2020-06-08T12:03:52","modified_gmt":"2020-06-08T15:03:52","slug":"funda-de-asiento-de-peluche-para-camion-2-butacas-futbol","status":"publish","type":"product","link":"https:\/\/lubricentroeric.com.ar\/?product=funda-de-asiento-de-peluche-para-camion-2-butacas-futbol","title":{"rendered":"Funda de asiento de peluche para Cami\u00f3n 2 Butacas F\u00fatbol"},"content":{"rendered":"<p>Funda de asiento de peluche para Cami\u00f3n 2 Butacas Equipos de f\u00fatbol<\/p>\n<p>Se entrega funda para asiento, respaldo, apoya cabeza y ganchos para la instalaci\u00f3n para 2 butacas<\/p>\n<p>Todos los equipos: Boca \/ River \/ Independiente \/ Racing \/ San Lorenzo \/ V\u00e9lez \/ Chacarita \/ &#8230;.<\/p>\n","protected":false},"excerpt":{"rendered":"<p>Funda de asiento de peluche para Cami\u00f3n 2 Butacas Equipos de f\u00fatbol Se entrega funda para asiento, respaldo, apoya cabeza y ganchos para la instalaci\u00f3n para 2 butacas Todos los equipos: Boca \/ River \/ Independiente \/ Racing \/ San&hellip;&nbsp;<a href=\"https:\/\/lubricentroeric.com.ar\/?product=funda-de-asiento-de-peluche-para-camion-2-butacas-futbol\" class=\"more-link\">Read More<\/a><\/p>\n","protected":false},"featured_media":1458,"comment_status":"open","ping_status":"closed","template":"","meta":[],"product_cat":[75],"product_tag":[],"_links":{"self":[{"href":"https:\/\/lubricentroeric.com.ar\/index.php?rest_route=\/wp\/v2\/product\/1468"}],"collection":[{"href":"https:\/\/lubricentroeric.com.ar\/index.php?rest_route=\/wp\/v2\/product"}],"about":[{"href":"https:\/\/lubricentroeric.com.ar\/index.php?rest_route=\/wp\/v2\/types\/product"}],"replies":[{"embeddable":true,"href":"https:\/\/lubricentroeric.com.ar\/index.php?rest_route=%2Fwp%2Fv2%2Fcomments&post=1468"}],"wp:featuredmedia":[{"embeddable":true,"href":"https:\/\/lubricentroeric.com.ar\/index.php?rest_route=\/wp\/v2\/media\/1458"}],"wp:attachment":[{"href":"https:\/\/lubricentroeric.com.ar\/index.php?rest_route=%2Fwp%2Fv2%2Fmedia&parent=1468"}],"wp:term":[{"taxonomy":"product_cat","embeddable":true,"href":"https:\/\/lubricentroeric.com.ar\/index.php?rest_route=%2Fwp%2Fv2%2Fproduct_cat&post=1468"},{"taxonomy":"product_tag","embeddable":true,"href":"https:\/\/lubricentroeric.com.ar\/index.php?rest_route=%2Fwp%2Fv2%2Fproduct_tag&post=1468"}],"curies":[{"name":"wp","href":"https:\/\/api.w.org\/{rel}","templated":true}]}}