{"id":1383,"date":"2018-10-30T17:59:18","date_gmt":"2018-10-30T20:59:18","guid":{"rendered":"http:\/\/lubricentroeric.com.ar\/?post_type=product&#038;p=1383"},"modified":"2019-10-18T17:51:05","modified_gmt":"2019-10-18T20:51:05","slug":"alfombra-ceramica-camion-volvo-vm-17-vm-23-240-120","status":"publish","type":"product","link":"https:\/\/lubricentroeric.com.ar\/?product=alfombra-ceramica-camion-volvo-vm-17-vm-23-240-120","title":{"rendered":"Alfombra Cer\u00e1mica Cami\u00f3n Volvo VM-17 \/ VM-23  240 \/ 120"},"content":{"rendered":"<p>Alfombra Cer\u00e1mica Cami\u00f3n Volvo VM-17 \/ VM-23 240 \/ 120<\/p>\n<p>&nbsp;<\/p>\n<p>Colores: Gris, Blanco, Azul, Rojo<\/p>\n<p>Consulte stock disponible de colores, en caso de no contar con stock de un color determinado al momento de la compra, se fabrica en dicho color y se entrega en 4 \/ 5 d\u00edas<\/p>\n<p>Atenci\u00f3n: las im\u00e1genes son orientativas, para observar el tipo de producto y calidad. La alfombra publicada corresponde al cami\u00f3n y modelo arriba descriptos<\/p>\n","protected":false},"excerpt":{"rendered":"<p>Alfombra Cer\u00e1mica Cami\u00f3n Volvo VM-17 \/ VM-23 240 \/ 120 &nbsp; Colores: Gris, Blanco, Azul, Rojo Consulte stock disponible de colores, en caso de no contar con stock de un color determinado al momento de la compra, se fabrica en&hellip;&nbsp;<a href=\"https:\/\/lubricentroeric.com.ar\/?product=alfombra-ceramica-camion-volvo-vm-17-vm-23-240-120\" class=\"more-link\">Read More<\/a><\/p>\n","protected":false},"featured_media":1209,"comment_status":"open","ping_status":"closed","template":"","meta":[],"product_cat":[71],"product_tag":[],"_links":{"self":[{"href":"https:\/\/lubricentroeric.com.ar\/index.php?rest_route=\/wp\/v2\/product\/1383"}],"collection":[{"href":"https:\/\/lubricentroeric.com.ar\/index.php?rest_route=\/wp\/v2\/product"}],"about":[{"href":"https:\/\/lubricentroeric.com.ar\/index.php?rest_route=\/wp\/v2\/types\/product"}],"replies":[{"embeddable":true,"href":"https:\/\/lubricentroeric.com.ar\/index.php?rest_route=%2Fwp%2Fv2%2Fcomments&post=1383"}],"wp:featuredmedia":[{"embeddable":true,"href":"https:\/\/lubricentroeric.com.ar\/index.php?rest_route=\/wp\/v2\/media\/1209"}],"wp:attachment":[{"href":"https:\/\/lubricentroeric.com.ar\/index.php?rest_route=%2Fwp%2Fv2%2Fmedia&parent=1383"}],"wp:term":[{"taxonomy":"product_cat","embeddable":true,"href":"https:\/\/lubricentroeric.com.ar\/index.php?rest_route=%2Fwp%2Fv2%2Fproduct_cat&post=1383"},{"taxonomy":"product_tag","embeddable":true,"href":"https:\/\/lubricentroeric.com.ar\/index.php?rest_route=%2Fwp%2Fv2%2Fproduct_tag&post=1383"}],"curies":[{"name":"wp","href":"https:\/\/api.w.org\/{rel}","templated":true}]}}