{"id":1338,"date":"2018-09-10T15:27:44","date_gmt":"2018-09-10T18:27:44","guid":{"rendered":"http:\/\/lubricentroeric.com.ar\/?post_type=product&#038;p=1338"},"modified":"2021-10-08T11:03:35","modified_gmt":"2021-10-08T14:03:35","slug":"alfombra-ceramica-mercedes-benz-sprinter-delantera-3-butacas-mod-nuevo","status":"publish","type":"product","link":"https:\/\/lubricentroeric.com.ar\/?product=alfombra-ceramica-mercedes-benz-sprinter-delantera-3-butacas-mod-nuevo","title":{"rendered":"Alfombra Cer\u00e1mica Mercedes Benz Sprinter Delantera 3 butacas Mod. Nuevo"},"content":{"rendered":"<p>Alfombra Cer\u00e1mica Mercedes Benz Sprinter Delantera 3 butacas Mod. Nuevo<\/p>\n<p>&nbsp;<\/p>\n<p>Colores: Gris, Blanco, Azul, Rojo<\/p>\n<p>Consulte stock disponible de colores, en caso de no contar con stock de un color determinado al momento de la compra, se fabrica en dicho color y se entrega en 4 \/ 5 d\u00edas<\/p>\n<p>Atenci\u00f3n: las im\u00e1genes son orientativas, para observar el tipo de producto y calidad. La alfombra publicada corresponde al cami\u00f3n y modelo arriba descriptos<\/p>\n","protected":false},"excerpt":{"rendered":"<p>Alfombra Cer\u00e1mica Mercedes Benz Sprinter Delantera 3 butacas Mod. Nuevo &nbsp; Colores: Gris, Blanco, Azul, Rojo Consulte stock disponible de colores, en caso de no contar con stock de un color determinado al momento de la compra, se fabrica en&hellip;&nbsp;<a href=\"https:\/\/lubricentroeric.com.ar\/?product=alfombra-ceramica-mercedes-benz-sprinter-delantera-3-butacas-mod-nuevo\" class=\"more-link\">Read More<\/a><\/p>\n","protected":false},"featured_media":1210,"comment_status":"open","ping_status":"closed","template":"","meta":[],"product_cat":[71],"product_tag":[],"_links":{"self":[{"href":"https:\/\/lubricentroeric.com.ar\/index.php?rest_route=\/wp\/v2\/product\/1338"}],"collection":[{"href":"https:\/\/lubricentroeric.com.ar\/index.php?rest_route=\/wp\/v2\/product"}],"about":[{"href":"https:\/\/lubricentroeric.com.ar\/index.php?rest_route=\/wp\/v2\/types\/product"}],"replies":[{"embeddable":true,"href":"https:\/\/lubricentroeric.com.ar\/index.php?rest_route=%2Fwp%2Fv2%2Fcomments&post=1338"}],"wp:featuredmedia":[{"embeddable":true,"href":"https:\/\/lubricentroeric.com.ar\/index.php?rest_route=\/wp\/v2\/media\/1210"}],"wp:attachment":[{"href":"https:\/\/lubricentroeric.com.ar\/index.php?rest_route=%2Fwp%2Fv2%2Fmedia&parent=1338"}],"wp:term":[{"taxonomy":"product_cat","embeddable":true,"href":"https:\/\/lubricentroeric.com.ar\/index.php?rest_route=%2Fwp%2Fv2%2Fproduct_cat&post=1338"},{"taxonomy":"product_tag","embeddable":true,"href":"https:\/\/lubricentroeric.com.ar\/index.php?rest_route=%2Fwp%2Fv2%2Fproduct_tag&post=1338"}],"curies":[{"name":"wp","href":"https:\/\/api.w.org\/{rel}","templated":true}]}}