{"id":1252,"date":"2018-08-11T12:53:45","date_gmt":"2018-08-11T15:53:45","guid":{"rendered":"http:\/\/lubricentroeric.com.ar\/?post_type=product&#038;p=1252"},"modified":"2021-07-10T12:17:16","modified_gmt":"2021-07-10T15:17:16","slug":"alfombra-ceramica-camion-fiat-iveco-cavallino","status":"publish","type":"product","link":"https:\/\/lubricentroeric.com.ar\/?product=alfombra-ceramica-camion-fiat-iveco-cavallino","title":{"rendered":"Alfombra Cer\u00e1mica Cami\u00f3n Fiat Iveco Cavallino"},"content":{"rendered":"<p>Alfombra Cer\u00e1mica Cami\u00f3n Fiat Iveco Cavallino<\/p>\n<p>&nbsp;<\/p>\n<p>Colores: Gris, Blanco, Azul, Rojo<\/p>\n<p>Consulte stock disponible de colores, en caso de no contar con stock de un color determinado al momento de la compra, se fabrica en dicho color y se entrega en 4 \/ 5 d\u00edas<\/p>\n<p>Atenci\u00f3n: las im\u00e1genes son orientativas, para observar el tipo de producto y calidad. La alfombra publicada corresponde al cami\u00f3n y modelo arriba descriptos<\/p>\n","protected":false},"excerpt":{"rendered":"<p>Alfombra Cer\u00e1mica Cami\u00f3n Fiat Iveco Cavallino &nbsp; Colores: Gris, Blanco, Azul, Rojo Consulte stock disponible de colores, en caso de no contar con stock de un color determinado al momento de la compra, se fabrica en dicho color y se&hellip;&nbsp;<a href=\"https:\/\/lubricentroeric.com.ar\/?product=alfombra-ceramica-camion-fiat-iveco-cavallino\" class=\"more-link\">Read More<\/a><\/p>\n","protected":false},"featured_media":1210,"comment_status":"open","ping_status":"closed","template":"","meta":[],"product_cat":[71],"product_tag":[],"_links":{"self":[{"href":"https:\/\/lubricentroeric.com.ar\/index.php?rest_route=\/wp\/v2\/product\/1252"}],"collection":[{"href":"https:\/\/lubricentroeric.com.ar\/index.php?rest_route=\/wp\/v2\/product"}],"about":[{"href":"https:\/\/lubricentroeric.com.ar\/index.php?rest_route=\/wp\/v2\/types\/product"}],"replies":[{"embeddable":true,"href":"https:\/\/lubricentroeric.com.ar\/index.php?rest_route=%2Fwp%2Fv2%2Fcomments&post=1252"}],"wp:featuredmedia":[{"embeddable":true,"href":"https:\/\/lubricentroeric.com.ar\/index.php?rest_route=\/wp\/v2\/media\/1210"}],"wp:attachment":[{"href":"https:\/\/lubricentroeric.com.ar\/index.php?rest_route=%2Fwp%2Fv2%2Fmedia&parent=1252"}],"wp:term":[{"taxonomy":"product_cat","embeddable":true,"href":"https:\/\/lubricentroeric.com.ar\/index.php?rest_route=%2Fwp%2Fv2%2Fproduct_cat&post=1252"},{"taxonomy":"product_tag","embeddable":true,"href":"https:\/\/lubricentroeric.com.ar\/index.php?rest_route=%2Fwp%2Fv2%2Fproduct_tag&post=1252"}],"curies":[{"name":"wp","href":"https:\/\/api.w.org\/{rel}","templated":true}]}}