{"id":1123,"date":"2018-08-03T15:21:28","date_gmt":"2018-08-03T18:21:28","guid":{"rendered":"http:\/\/lubricentroeric.com.ar\/?post_type=product&#038;p=1123"},"modified":"2020-06-08T12:23:48","modified_gmt":"2020-06-08T15:23:48","slug":"bandalin-delantero-fabbof-c079-22-5-blanco-plastico","status":"publish","type":"product","link":"https:\/\/lubricentroeric.com.ar\/?product=bandalin-delantero-fabbof-c079-22-5-blanco-plastico","title":{"rendered":"Bandal\u00edn delantero Fabbof C079 22.5&#8243; Blanco pl\u00e1stico"},"content":{"rendered":"<p>Bandal\u00edn delantero Fabbof C079 22.5&#8243; Blanco pl\u00e1stico<\/p>\n<p>Bandalines para colocar con tazas<\/p>\n","protected":false},"excerpt":{"rendered":"<p>Bandal\u00edn delantero Fabbof C079 22.5&#8243; Blanco pl\u00e1stico Bandalines para colocar con tazas<\/p>\n","protected":false},"featured_media":1124,"comment_status":"open","ping_status":"closed","template":"","meta":[],"product_cat":[60],"product_tag":[],"_links":{"self":[{"href":"https:\/\/lubricentroeric.com.ar\/index.php?rest_route=\/wp\/v2\/product\/1123"}],"collection":[{"href":"https:\/\/lubricentroeric.com.ar\/index.php?rest_route=\/wp\/v2\/product"}],"about":[{"href":"https:\/\/lubricentroeric.com.ar\/index.php?rest_route=\/wp\/v2\/types\/product"}],"replies":[{"embeddable":true,"href":"https:\/\/lubricentroeric.com.ar\/index.php?rest_route=%2Fwp%2Fv2%2Fcomments&post=1123"}],"wp:featuredmedia":[{"embeddable":true,"href":"https:\/\/lubricentroeric.com.ar\/index.php?rest_route=\/wp\/v2\/media\/1124"}],"wp:attachment":[{"href":"https:\/\/lubricentroeric.com.ar\/index.php?rest_route=%2Fwp%2Fv2%2Fmedia&parent=1123"}],"wp:term":[{"taxonomy":"product_cat","embeddable":true,"href":"https:\/\/lubricentroeric.com.ar\/index.php?rest_route=%2Fwp%2Fv2%2Fproduct_cat&post=1123"},{"taxonomy":"product_tag","embeddable":true,"href":"https:\/\/lubricentroeric.com.ar\/index.php?rest_route=%2Fwp%2Fv2%2Fproduct_tag&post=1123"}],"curies":[{"name":"wp","href":"https:\/\/api.w.org\/{rel}","templated":true}]}}