{"id":1121,"date":"2018-08-03T15:13:41","date_gmt":"2018-08-03T18:13:41","guid":{"rendered":"http:\/\/lubricentroeric.com.ar\/?post_type=product&#038;p=1121"},"modified":"2020-06-08T12:23:49","modified_gmt":"2020-06-08T15:23:49","slug":"bandalin-trasero-fabbof-c078-17-5-blanco-plastico","status":"publish","type":"product","link":"https:\/\/lubricentroeric.com.ar\/?product=bandalin-trasero-fabbof-c078-17-5-blanco-plastico","title":{"rendered":"Bandal\u00edn trasero Fabbof C078 17.5&#8243; Blanco pl\u00e1stico"},"content":{"rendered":"<p>Bandal\u00edn trasero Fabbof C078 17.5&#8243; Blanco pl\u00e1stico<\/p>\n<p>Bandalines para colocar con tazas<\/p>\n","protected":false},"excerpt":{"rendered":"<p>Bandal\u00edn trasero Fabbof C078 17.5&#8243; Blanco pl\u00e1stico Bandalines para colocar con tazas<\/p>\n","protected":false},"featured_media":1122,"comment_status":"open","ping_status":"closed","template":"","meta":[],"product_cat":[60],"product_tag":[],"_links":{"self":[{"href":"https:\/\/lubricentroeric.com.ar\/index.php?rest_route=\/wp\/v2\/product\/1121"}],"collection":[{"href":"https:\/\/lubricentroeric.com.ar\/index.php?rest_route=\/wp\/v2\/product"}],"about":[{"href":"https:\/\/lubricentroeric.com.ar\/index.php?rest_route=\/wp\/v2\/types\/product"}],"replies":[{"embeddable":true,"href":"https:\/\/lubricentroeric.com.ar\/index.php?rest_route=%2Fwp%2Fv2%2Fcomments&post=1121"}],"wp:featuredmedia":[{"embeddable":true,"href":"https:\/\/lubricentroeric.com.ar\/index.php?rest_route=\/wp\/v2\/media\/1122"}],"wp:attachment":[{"href":"https:\/\/lubricentroeric.com.ar\/index.php?rest_route=%2Fwp%2Fv2%2Fmedia&parent=1121"}],"wp:term":[{"taxonomy":"product_cat","embeddable":true,"href":"https:\/\/lubricentroeric.com.ar\/index.php?rest_route=%2Fwp%2Fv2%2Fproduct_cat&post=1121"},{"taxonomy":"product_tag","embeddable":true,"href":"https:\/\/lubricentroeric.com.ar\/index.php?rest_route=%2Fwp%2Fv2%2Fproduct_tag&post=1121"}],"curies":[{"name":"wp","href":"https:\/\/api.w.org\/{rel}","templated":true}]}}