{"id":1117,"date":"2018-08-03T14:51:07","date_gmt":"2018-08-03T17:51:07","guid":{"rendered":"http:\/\/lubricentroeric.com.ar\/?post_type=product&#038;p=1117"},"modified":"2019-09-06T12:44:44","modified_gmt":"2019-09-06T15:44:44","slug":"bandalin-fabbof-c029-20-blanco-plastico","status":"publish","type":"product","link":"https:\/\/lubricentroeric.com.ar\/?product=bandalin-fabbof-c029-20-blanco-plastico","title":{"rendered":"Bandal\u00edn Fabbof C029 20&#8243; Blanco pl\u00e1stico"},"content":{"rendered":"<p>Bandal\u00edn Fabbof C029 20&#8243; Blanco pl\u00e1stico<\/p>\n<p>Bandalines para colocar con tazas<\/p>\n","protected":false},"excerpt":{"rendered":"<p>Bandal\u00edn Fabbof C029 20&#8243; Blanco pl\u00e1stico Bandalines para colocar con tazas<\/p>\n","protected":false},"featured_media":1118,"comment_status":"open","ping_status":"closed","template":"","meta":[],"product_cat":[60],"product_tag":[],"_links":{"self":[{"href":"https:\/\/lubricentroeric.com.ar\/index.php?rest_route=\/wp\/v2\/product\/1117"}],"collection":[{"href":"https:\/\/lubricentroeric.com.ar\/index.php?rest_route=\/wp\/v2\/product"}],"about":[{"href":"https:\/\/lubricentroeric.com.ar\/index.php?rest_route=\/wp\/v2\/types\/product"}],"replies":[{"embeddable":true,"href":"https:\/\/lubricentroeric.com.ar\/index.php?rest_route=%2Fwp%2Fv2%2Fcomments&post=1117"}],"wp:featuredmedia":[{"embeddable":true,"href":"https:\/\/lubricentroeric.com.ar\/index.php?rest_route=\/wp\/v2\/media\/1118"}],"wp:attachment":[{"href":"https:\/\/lubricentroeric.com.ar\/index.php?rest_route=%2Fwp%2Fv2%2Fmedia&parent=1117"}],"wp:term":[{"taxonomy":"product_cat","embeddable":true,"href":"https:\/\/lubricentroeric.com.ar\/index.php?rest_route=%2Fwp%2Fv2%2Fproduct_cat&post=1117"},{"taxonomy":"product_tag","embeddable":true,"href":"https:\/\/lubricentroeric.com.ar\/index.php?rest_route=%2Fwp%2Fv2%2Fproduct_tag&post=1117"}],"curies":[{"name":"wp","href":"https:\/\/api.w.org\/{rel}","templated":true}]}}