{"id":73,"date":"2017-09-18T10:37:19","date_gmt":"2017-09-18T10:37:19","guid":{"rendered":"https:\/\/demo.axlethemes.com\/best-commerce\/?page_id=73"},"modified":"2018-06-29T12:43:03","modified_gmt":"2018-06-29T15:43:03","slug":"about-us","status":"publish","type":"page","link":"https:\/\/lubricentroeric.com.ar\/?page_id=73","title":{"rendered":"Sobre Nosotros"},"content":{"rendered":"<p>Lubricentro Eric es una empresa familiar, que desde el 1982 con empe\u00f1o y dedicaci\u00f3n ofrece a sus clientes confianza, precio y calidad en su atenci\u00f3n y sus productos.<\/p>\n<p>Nos dedicamos a la venta de filtros, lubricantes, equipos de engrase y accesorios para todo el transporte y maquinarias.<\/p>\n<p>Constantemente buscamos incorporar nuevas marcas. Contamos con stock permanente y un servicio de retiro y entrega din\u00e1mico y eficaz para brindar soluciones y tranquilidad a nuestros clientes.<\/p>\n<p>Desde 1982 ofreciendo lo mejor para su veh\u00edculo<\/p>\n<p>&nbsp;<\/p>\n","protected":false},"excerpt":{"rendered":"<p>Lubricentro Eric es una empresa familiar, que desde el 1982 con empe\u00f1o y dedicaci\u00f3n ofrece a sus clientes confianza, precio y calidad en su atenci\u00f3n y sus productos. Nos dedicamos a la venta de filtros, lubricantes, equipos de engrase y&hellip;&nbsp;<a href=\"https:\/\/lubricentroeric.com.ar\/?page_id=73\" class=\"more-link\">Read More<\/a><\/p>\n","protected":false},"author":1,"featured_media":0,"parent":0,"menu_order":0,"comment_status":"closed","ping_status":"closed","template":"","meta":{"footnotes":""},"_links":{"self":[{"href":"https:\/\/lubricentroeric.com.ar\/index.php?rest_route=\/wp\/v2\/pages\/73"}],"collection":[{"href":"https:\/\/lubricentroeric.com.ar\/index.php?rest_route=\/wp\/v2\/pages"}],"about":[{"href":"https:\/\/lubricentroeric.com.ar\/index.php?rest_route=\/wp\/v2\/types\/page"}],"author":[{"embeddable":true,"href":"https:\/\/lubricentroeric.com.ar\/index.php?rest_route=\/wp\/v2\/users\/1"}],"replies":[{"embeddable":true,"href":"https:\/\/lubricentroeric.com.ar\/index.php?rest_route=%2Fwp%2Fv2%2Fcomments&post=73"}],"version-history":[{"count":6,"href":"https:\/\/lubricentroeric.com.ar\/index.php?rest_route=\/wp\/v2\/pages\/73\/revisions"}],"predecessor-version":[{"id":587,"href":"https:\/\/lubricentroeric.com.ar\/index.php?rest_route=\/wp\/v2\/pages\/73\/revisions\/587"}],"wp:attachment":[{"href":"https:\/\/lubricentroeric.com.ar\/index.php?rest_route=%2Fwp%2Fv2%2Fmedia&parent=73"}],"curies":[{"name":"wp","href":"https:\/\/api.w.org\/{rel}","templated":true}]}}