{"id":161,"date":"2018-05-30T12:04:41","date_gmt":"2018-05-30T15:04:41","guid":{"rendered":"http:\/\/lubricentroeric.com.ar\/?page_id=161"},"modified":"2018-06-02T09:10:17","modified_gmt":"2018-06-02T12:10:17","slug":"envios","status":"publish","type":"page","link":"https:\/\/lubricentroeric.com.ar\/?page_id=161","title":{"rendered":"Env\u00edos"},"content":{"rendered":"<p><strong><u>Env\u00edos a Capital y Gran Buenos Aires<\/u><\/strong><\/p>\n<p>&nbsp;<\/p>\n<p>Se realizan env\u00edos por mensajer\u00eda en el d\u00eda<\/p>\n<p>Consultar costos de env\u00edo<\/p>\n<p>&nbsp;<\/p>\n<p><strong><u>Env\u00edos al interior del pa\u00eds<\/u><\/strong><\/p>\n<p>&nbsp;<\/p>\n<p><em><u>Por micro:<\/u><\/em><\/p>\n<p>&nbsp;<\/p>\n<p>Trabajamos con todas las empresas.<\/p>\n<p>Env\u00edos a terminal y a domicilio.<\/p>\n<p>Costos bajos y tiempos de entrega r\u00e1pidos<\/p>\n<p>&nbsp;<\/p>\n<p><em><u>Por avi\u00f3n:<\/u><\/em><\/p>\n<p>&nbsp;<\/p>\n<p>Trabajamos con EcaPack.<\/p>\n<p>Env\u00edos a terminal.<\/p>\n<p>Costos bajos y tiempos de entrega r\u00e1pidos<\/p>\n<p>&nbsp;<\/p>\n<p><em><u>Por Correo Argentino:<\/u><\/em><\/p>\n<p>&nbsp;<\/p>\n<p>Env\u00edos a sucursal y a domicilio<\/p>\n<p>Costos altos y tiempos de entrega lentos<\/p>\n","protected":false},"excerpt":{"rendered":"<p>Env\u00edos a Capital y Gran Buenos Aires &nbsp; Se realizan env\u00edos por mensajer\u00eda en el d\u00eda Consultar costos de env\u00edo &nbsp; Env\u00edos al interior del pa\u00eds &nbsp; Por micro: &nbsp; Trabajamos con todas las empresas. Env\u00edos a terminal y a&hellip;&nbsp;<a href=\"https:\/\/lubricentroeric.com.ar\/?page_id=161\" class=\"more-link\">Read More<\/a><\/p>\n","protected":false},"author":1,"featured_media":0,"parent":0,"menu_order":0,"comment_status":"closed","ping_status":"closed","template":"","meta":{"footnotes":""},"_links":{"self":[{"href":"https:\/\/lubricentroeric.com.ar\/index.php?rest_route=\/wp\/v2\/pages\/161"}],"collection":[{"href":"https:\/\/lubricentroeric.com.ar\/index.php?rest_route=\/wp\/v2\/pages"}],"about":[{"href":"https:\/\/lubricentroeric.com.ar\/index.php?rest_route=\/wp\/v2\/types\/page"}],"author":[{"embeddable":true,"href":"https:\/\/lubricentroeric.com.ar\/index.php?rest_route=\/wp\/v2\/users\/1"}],"replies":[{"embeddable":true,"href":"https:\/\/lubricentroeric.com.ar\/index.php?rest_route=%2Fwp%2Fv2%2Fcomments&post=161"}],"version-history":[{"count":4,"href":"https:\/\/lubricentroeric.com.ar\/index.php?rest_route=\/wp\/v2\/pages\/161\/revisions"}],"predecessor-version":[{"id":247,"href":"https:\/\/lubricentroeric.com.ar\/index.php?rest_route=\/wp\/v2\/pages\/161\/revisions\/247"}],"wp:attachment":[{"href":"https:\/\/lubricentroeric.com.ar\/index.php?rest_route=%2Fwp%2Fv2%2Fmedia&parent=161"}],"curies":[{"name":"wp","href":"https:\/\/api.w.org\/{rel}","templated":true}]}}