{"id":598,"date":"2018-06-30T14:07:10","date_gmt":"2018-06-30T17:07:10","guid":{"rendered":"http:\/\/lubricentroeric.com.ar\/?post_type=product&#038;p=598"},"modified":"2020-08-27T15:43:42","modified_gmt":"2020-08-27T18:43:42","slug":"liq-refrigerante-petronas-paraflu-up-rojo-20-litros","status":"publish","type":"product","link":"http:\/\/lubricentroeric.com.ar\/?product=liq-refrigerante-petronas-paraflu-up-rojo-20-litros","title":{"rendered":"L\u00edq. Refrigerante Petronas Paraflu UP Rojo 20 litros"},"content":{"rendered":"<p>L\u00edquido Refrigerante Petronas Paraflu UP Rojo Org\u00e1nico Balde 20 litros<\/p>\n","protected":false},"excerpt":{"rendered":"<p>L\u00edquido Refrigerante Petronas Paraflu UP Rojo Org\u00e1nico Balde 20 litros<\/p>\n","protected":false},"featured_media":599,"comment_status":"open","ping_status":"closed","template":"","meta":[],"product_cat":[49],"product_tag":[],"_links":{"self":[{"href":"http:\/\/lubricentroeric.com.ar\/index.php?rest_route=\/wp\/v2\/product\/598"}],"collection":[{"href":"http:\/\/lubricentroeric.com.ar\/index.php?rest_route=\/wp\/v2\/product"}],"about":[{"href":"http:\/\/lubricentroeric.com.ar\/index.php?rest_route=\/wp\/v2\/types\/product"}],"replies":[{"embeddable":true,"href":"http:\/\/lubricentroeric.com.ar\/index.php?rest_route=%2Fwp%2Fv2%2Fcomments&post=598"}],"wp:featuredmedia":[{"embeddable":true,"href":"http:\/\/lubricentroeric.com.ar\/index.php?rest_route=\/wp\/v2\/media\/599"}],"wp:attachment":[{"href":"http:\/\/lubricentroeric.com.ar\/index.php?rest_route=%2Fwp%2Fv2%2Fmedia&parent=598"}],"wp:term":[{"taxonomy":"product_cat","embeddable":true,"href":"http:\/\/lubricentroeric.com.ar\/index.php?rest_route=%2Fwp%2Fv2%2Fproduct_cat&post=598"},{"taxonomy":"product_tag","embeddable":true,"href":"http:\/\/lubricentroeric.com.ar\/index.php?rest_route=%2Fwp%2Fv2%2Fproduct_tag&post=598"}],"curies":[{"name":"wp","href":"https:\/\/api.w.org\/{rel}","templated":true}]}}